{"id":3054,"date":"2021-04-15T03:27:40","date_gmt":"2021-04-15T01:27:40","guid":{"rendered":"https:\/\/www.tracetek-austria.com\/meet-greet\/"},"modified":"2026-01-27T16:02:38","modified_gmt":"2026-01-27T15:02:38","slug":"meet-greet","status":"publish","type":"page","link":"https:\/\/www.tracetek-austria.com\/en\/meet-greet\/","title":{"rendered":"Meet &amp; Greet"},"content":{"rendered":"\n<style type=\"text\/css\" data-created_by=\"avia_inline_auto\" id=\"style-css-av-kl0rt2bt-f11c2fa093ad015d098f95fe126b3968\">\n.avia-section.av-kl0rt2bt-f11c2fa093ad015d098f95fe126b3968{\nbackground-repeat:no-repeat;\nbackground-image:url(https:\/\/www.tracetek-austria.com\/wp-content\/uploads\/2021\/04\/Handshake-TraceTek-Ray-Service-HEADER.jpg);\nbackground-position:50% 100%;\nbackground-attachment:scroll;\n}\n<\/style>\n<div id='av_section_1'  class='avia-section av-kl0rt2bt-f11c2fa093ad015d098f95fe126b3968 main_color avia-section-default avia-no-border-styling  avia-builder-el-0  el_before_av_section  avia-builder-el-first  avia-full-stretch avia-bg-style-scroll av-minimum-height av-minimum-height-50 av-height-50  container_wrap sidebar_right'  data-section-bg-repeat='stretch' data-av_minimum_height_pc='50' data-av_min_height_opt='50'><div class='container av-section-cont-open' ><main  role=\"main\" itemprop=\"mainContentOfPage\"  class='template-page content  av-content-small alpha units'><div class='post-entry post-entry-type-page post-entry-3054'><div class='entry-content-wrapper clearfix'>\n<\/div><\/div><\/main><!-- close content main element --><\/div><\/div>\n<style type=\"text\/css\" data-created_by=\"avia_inline_auto\" id=\"style-css-av-kiputiwk-48506ed805538ca25535f4b7918583a4\">\n.avia-section.av-kiputiwk-48506ed805538ca25535f4b7918583a4{\nbackground-color:rgba(255,255,255,0.01);\nbackground-image:unset;\n}\n<\/style>\n<div id='av_section_2'  class='avia-section av-kiputiwk-48506ed805538ca25535f4b7918583a4 main_color avia-section-default avia-no-border-styling  avia-builder-el-1  el_after_av_section  el_before_av_section  avia-bg-style-scroll container_wrap sidebar_right'  ><div class='container av-section-cont-open' ><div class='template-page content  av-content-small alpha units'><div class='post-entry post-entry-type-page post-entry-3054'><div class='entry-content-wrapper clearfix'>\n\n<style type=\"text\/css\" data-created_by=\"avia_inline_auto\" id=\"style-css-av-kniqajac-80cb284d5ca4159bf288913a84201084\">\n#top .av-special-heading.av-kniqajac-80cb284d5ca4159bf288913a84201084{\npadding-bottom:10px;\n}\nbody .av-special-heading.av-kniqajac-80cb284d5ca4159bf288913a84201084 .av-special-heading-tag .heading-char{\nfont-size:25px;\n}\n.av-special-heading.av-kniqajac-80cb284d5ca4159bf288913a84201084 .av-subheading{\nfont-size:15px;\n}\n<\/style>\n<div  class='av-special-heading av-kniqajac-80cb284d5ca4159bf288913a84201084 av-special-heading-h1 blockquote modern-quote  avia-builder-el-2  avia-builder-el-no-sibling  av-thin-font'><h1 class='av-special-heading-tag '  itemprop=\"headline\"  >Meet <span class='special_amp'>&amp;<\/span> Greet<strong>.<\/strong><\/h1><div class=\"special-heading-border\"><div class=\"special-heading-inner-border\"><\/div><\/div><\/div>\n\n<\/div><\/div><\/div><!-- close content main div --><\/div><\/div>\n<style type=\"text\/css\" data-created_by=\"avia_inline_auto\" id=\"style-css-av-kiputiwk-48506ed805538ca25535f4b7918583a4\">\n.avia-section.av-kiputiwk-48506ed805538ca25535f4b7918583a4{\nbackground-color:rgba(255,255,255,0.01);\nbackground-image:unset;\n}\n<\/style>\n<div id='av_section_3'  class='avia-section av-kiputiwk-48506ed805538ca25535f4b7918583a4 main_color avia-section-default avia-no-border-styling  avia-builder-el-3  el_after_av_section  el_before_av_one_half  avia-bg-style-scroll container_wrap sidebar_right'  ><div class='container av-section-cont-open' ><div class='template-page content  av-content-small alpha units'><div class='post-entry post-entry-type-page post-entry-3054'><div class='entry-content-wrapper clearfix'>\n<section  class='av_textblock_section av-kni7dbhe-f52bfb948afa39b59c1a52f13e5497ff '   itemscope=\"itemscope\" itemtype=\"https:\/\/schema.org\/CreativeWork\" ><div class='avia_textblock'  itemprop=\"text\" ><div class=\"gwolle-gb\"><div class=\"gwolle-gb-messages-top-container\"><\/div>\n\t\t\t<div class=\"gwolle-gb-write-button\">\n\t\t\t\t<input type=\"button\" name=\"gwolle-gb-write-button\" class=\"button btn btn-default \" value=\"Write a new entry.\" aria-expanded=\"false\" \/>\n\t\t\t<\/div>\n\t\t\t<form action=\"#\" method=\"POST\" class=\"gwolle-gb-write gwolle-gb-hide gwolle-gb-float gwolle-gb-form-ajax gwolle-gb-ajax gwolle-gb-not-logged-in\">\n\t\t\t\t<h3>Einen neuen Eintrag f\u00fcr das G\u00e4stebuch schreiben<\/h3>\n\t\t\t\t<button type=\"button\" class=\"gb-notice-dismiss\">x<span class=\"screen-reader-text\">Hide this form.<\/span><\/button>\n\t\t\t\n\t\t\t\t<input type=\"hidden\" name=\"gwolle_gb_function\" class=\"gwolle_gb_function\" value=\"add_entry\" \/><input type=\"hidden\" name=\"gwolle_gb_book_id\" class=\"gwolle_gb_book_id\" value=\"1\" \/><div class=\"gwolle_gb_be02bfa116398e0b76435b0ca97fdf53\">\n\t\t\t\t<div class=\"label\"><label for=\"gwolle_gb_be02bfa116398e0b76435b0ca97fdf53-1\" class=\"text-info\">Name <span class=\"required\">*<\/span><\/label><\/div>\n\t\t\t\t<div class=\"input\"><input class=\"wp-exclude-emoji gwolle_gb_be02bfa116398e0b76435b0ca97fdf53\" value=\"\" type=\"text\" id=\"gwolle_gb_be02bfa116398e0b76435b0ca97fdf53-1\" name=\"gwolle_gb_be02bfa116398e0b76435b0ca97fdf53\" required \/><\/div>\n\t\t\t\t<div class=\"clearBoth\">&nbsp;<\/div>\n\t\t\t<\/div><div class=\"gwolle_gb_5a6e529bb5c679bc2b9ce260da3a566c\">\n\t\t\t\t\t<div class=\"label\"><label for=\"gwolle_gb_5a6e529bb5c679bc2b9ce260da3a566c-1\" class=\"text-info\">City<\/label><\/div>\n\t\t\t\t\t<div class=\"input\"><input class=\"wp-exclude-emoji gwolle_gb_5a6e529bb5c679bc2b9ce260da3a566c\" value=\"\" type=\"text\" id=\"gwolle_gb_5a6e529bb5c679bc2b9ce260da3a566c-1\" name=\"gwolle_gb_5a6e529bb5c679bc2b9ce260da3a566c\" \/><\/div>\n\t\t\t\t\t<div class=\"clearBoth\">&nbsp;<\/div>\n\t\t\t\t<\/div><div class=\"gwolle_gb_98814a8e582b0e5cea867f272c200945\">\n\t\t\t\t<div class=\"label\"><label for=\"gwolle_gb_98814a8e582b0e5cea867f272c200945-1\" class=\"text-info\">Email <span class=\"required\">*<\/span><\/label><\/div>\n\t\t\t\t<div class=\"input\"><input class=\"gwolle_gb_98814a8e582b0e5cea867f272c200945\" value=\"\" type=\"email\" id=\"gwolle_gb_98814a8e582b0e5cea867f272c200945-1\" name=\"gwolle_gb_98814a8e582b0e5cea867f272c200945\" required \/><\/div>\n\t\t\t\t<div class=\"clearBoth\">&nbsp;<\/div>\n\t\t\t<\/div><div class=\"gwolle_gb_21cb0609b047075661a689844da315d2\">\n\t\t\t\t<div class=\"label\"><label for=\"gwolle_gb_21cb0609b047075661a689844da315d2-1\" class=\"text-info\">Website<\/label><\/div>\n\t\t\t\t<div class=\"input\"><input class=\"gwolle_gb_21cb0609b047075661a689844da315d2\" value=\"\" type=\"url\" id=\"gwolle_gb_21cb0609b047075661a689844da315d2-1\" name=\"gwolle_gb_21cb0609b047075661a689844da315d2\" \/><\/div>\n\t\t\t\t<div class=\"clearBoth\">&nbsp;<\/div>\n\t\t\t<\/div>\n\t\t\t<div class=\"gwolle_gb_f881839b9d6341763bb208675271404e\" style=\"display:none;overflow:hidden;\" hidden=\"true\" aria-hidden=\"true\">\n\t\t\t\t<div class=\"label\">\n\t\t\t\t\t<label for=\"gwolle_gb_f881839b9d6341763bb208675271404e-1\" class=\"text-primary\">Do not touch this<\/label>\n\t\t\t\t\t<label for=\"gwolle_gb_e7878710d6f054d6c5f96ef94fba5840-1\" class=\"text-primary\">Do not touch this<\/label>\n\t\t\t\t<\/div>\n\t\t\t\t<div class=\"input\">\n\t\t\t\t\t<input value=\"56\" type=\"text\" id=\"gwolle_gb_f881839b9d6341763bb208675271404e-1\" name=\"gwolle_gb_f881839b9d6341763bb208675271404e\" class=\"gwolle_gb_f881839b9d6341763bb208675271404e\" style=\"transform: translateY(10000px);\" \/>\n\t\t\t\t\t<input value=\"\" type=\"text\" name=\"gwolle_gb_e7878710d6f054d6c5f96ef94fba5840\" id=\"gwolle_gb_e7878710d6f054d6c5f96ef94fba5840-1\" class=\"gwolle_gb_e7878710d6f054d6c5f96ef94fba5840\" style=\"transform: translateY(10000px);\" \/>\n\t\t\t\t<\/div>\n\t\t\t\t<div class=\"clearBoth\"><\/div>\n\t\t\t<\/div>\n\t\t\t<div class=\"gwolle_gb_3d9b2284bde85479a2583d34605c3767\" style=\"display:none;overflow:hidden;\" hidden=\"true\" aria-hidden=\"true\">\n\t\t\t\t<div class=\"label\">\n\t\t\t\t\t<label for=\"gwolle_gb_3d9b2284bde85479a2583d34605c3767-1\" class=\"text-primary\">Do not touch this<\/label>\n\t\t\t\t\t<label for=\"gwolle_gb_65cde08dc81a777575dd12b9d6047097-1\" class=\"text-primary\">Do not touch this<\/label>\n\t\t\t\t<\/div>\n\t\t\t\t<div class=\"input\">\n\t\t\t\t\t<input value=\"65931\" type=\"text\" id=\"gwolle_gb_3d9b2284bde85479a2583d34605c3767-1\" name=\"gwolle_gb_3d9b2284bde85479a2583d34605c3767\" class=\"gwolle_gb_3d9b2284bde85479a2583d34605c3767\" style=\"transform: translateY(10000px);\" \/>\n\t\t\t\t\t<input value=\"65931\" type=\"text\"id=\"gwolle_gb_65cde08dc81a777575dd12b9d6047097-1\" name=\"gwolle_gb_65cde08dc81a777575dd12b9d6047097\" class=\"gwolle_gb_65cde08dc81a777575dd12b9d6047097\" style=\"transform: translateY(10000px);\" \/>\n\t\t\t\t<\/div>\n\t\t\t\t<div class=\"clearBoth\"><\/div>\n\t\t\t<\/div><div class=\"gwolle_gb_content\">\n\t\t\t\t<div class=\"label\"><label for=\"gwolle_gb_content-1\" class=\"text-info\">Guestbook entry <span class=\"required\">*<\/span><\/label><\/div>\n\t\t\t\t<div class=\"input\"><textarea id=\"gwolle_gb_content-1\" name=\"gwolle_gb_content\" class=\"gwolle_gb_content wp-exclude-emoji\" required ><\/textarea><\/div>\n\t\t\t\t\t<div class=\"clearBoth\">&nbsp;<\/div>\n\t\t\t\t<\/div><input type=\"hidden\" class=\"gwolle_gb_d52dc2647efeb9edb7244c892314dcef\" id=\"gwolle_gb_d52dc2647efeb9edb7244c892314dcef-1\" name=\"gwolle_gb_d52dc2647efeb9edb7244c892314dcef\" value=\"b54bf23de6\" \/>\n\t\t\t<div class=\"gwolle-gb-messages-bottom-container\"><\/div>\n\n\t\t\t<noscript><div class=\"no-js\">Warning: This form can only be used if JavaScript is enabled in your browser.<\/div><\/noscript>\n\n\t\t\t<div class=\"gwolle_gb_submit gwolle-gb-submit\">\n\t\t\t\t<div class=\"label gwolle-gb-invisible text-muted\">&nbsp;<\/div>\n\t\t\t\t<div class=\"input\">\n\t\t\t\t\t<input type=\"submit\" name=\"gwolle_gb_submit\" class=\"gwolle_gb_submit button btn btn-primary \" value=\"Submit\" \/>\n\t\t\t\t\t<span class=\"gwolle_gb_submit_ajax_icon gwolle-gb-submit-ajax-icon\"><\/span>\n\t\t\t\n\t\t\t\t<\/div>\n\t\t\t\t<div class=\"clearBoth\">&nbsp;<\/div>\n\t\t\t<\/div>\n\n\t\t\t<div class=\"gwolle_gb_notice gwolle-gb-notice\">\n\t\t\t\tMit * gekennzeichnete Felder sind erforderlich.<br \/>\r\nIhre E-Mail-Adresse wird nicht ver\u00f6ffentlicht.<br \/>\r\nEs ist m\u00f6glich, dass dein Eintrag im G\u00e4stebuch erst sichtbar ist, nachdem wir ihn \u00fcberpr\u00fcft haben.<br \/>\r\nWir behalten uns vor, Eintr\u00e4ge zu bearbeiten, zu l\u00f6schen oder nicht zu ver\u00f6ffentlichen.\n\t\t\t<\/div><\/form><div class=\"gwolle-gb-read gwolle-gb-ajax gwolle-gb-entries-list\" data-book_id=\"1\">(no entries yet)<\/div><\/div>\n<\/div><\/section>\n<\/div><\/div><\/div><!-- close content main div --><\/div><\/div><div id='after_section_3'  class='main_color av_default_container_wrap container_wrap sidebar_right'  ><div class='container av-section-cont-open' ><div class='template-page content  av-content-small alpha units'><div class='post-entry post-entry-type-page post-entry-3054'><div class='entry-content-wrapper clearfix'>\n\n<style type=\"text\/css\" data-created_by=\"avia_inline_auto\" id=\"style-css-av-281s60-67f56c9dcef284071baa208dad6a75e7\">\n.flex_column.av-281s60-67f56c9dcef284071baa208dad6a75e7{\nborder-radius:0px 0px 0px 0px;\npadding:0px 0px 0px 0px;\n}\n<\/style>\n<div  class='flex_column av-281s60-67f56c9dcef284071baa208dad6a75e7 av_one_half  avia-builder-el-5  el_after_av_section  avia-builder-el-no-sibling  first flex_column_div av-zero-column-padding  '     ><div  class='av-social-sharing-box av-kni7j7ga-021a6c52eb54e26f7ec0a761d1606327 av-social-sharing-box-default  avia-builder-el-6  avia-builder-el-no-sibling  av-social-sharing-box-fullwidth'><div class=\"av-share-box\"><h5 class='av-share-link-description av-no-toc '>Share entry<\/h5><ul class=\"av-share-box-list noLightbox\"><li class='av-share-link av-social-link-facebook avia_social_iconfont' ><a target=\"_blank\" aria-label=\"Share on Facebook\" href='https:\/\/www.facebook.com\/sharer.php?u=https:\/\/www.tracetek-austria.com\/en\/meet-greet\/&#038;t=Meet%20%26%20Greet' data-av_icon='\ue8f3' data-av_iconfont='entypo-fontello'  title='' data-avia-related-tooltip='Share on Facebook'><span class='avia_hidden_link_text'>Share on Facebook<\/span><\/a><\/li><li class='av-share-link av-social-link-twitter avia_social_iconfont' ><a target=\"_blank\" aria-label=\"Share on X\" href='https:\/\/twitter.com\/share?text=Meet%20%26%20Greet&#038;url=https:\/\/www.tracetek-austria.com\/en\/?p=3054' data-av_icon='\ue932' data-av_iconfont='entypo-fontello'  title='' data-avia-related-tooltip='Share on X'><span class='avia_hidden_link_text'>Share on X<\/span><\/a><\/li><li class='av-share-link av-social-link-whatsapp avia_social_iconfont' ><a target=\"_blank\" aria-label=\"Share on WhatsApp\" href='https:\/\/api.whatsapp.com\/send?text=https:\/\/www.tracetek-austria.com\/en\/meet-greet\/' data-av_icon='\uf232' data-av_iconfont='entypo-fontello'  title='' data-avia-related-tooltip='Share on WhatsApp'><span class='avia_hidden_link_text'>Share on WhatsApp<\/span><\/a><\/li><li class='av-share-link av-social-link-linkedin avia_social_iconfont' ><a target=\"_blank\" aria-label=\"Share on LinkedIn\" href='https:\/\/linkedin.com\/shareArticle?mini=true&#038;title=Meet%20%26%20Greet&#038;url=https:\/\/www.tracetek-austria.com\/en\/meet-greet\/' data-av_icon='\ue8fc' data-av_iconfont='entypo-fontello'  title='' data-avia-related-tooltip='Share on LinkedIn'><span class='avia_hidden_link_text'>Share on LinkedIn<\/span><\/a><\/li><li class='av-share-link av-social-link-mail avia_social_iconfont' ><a  aria-label=\"Share by Mail\" href='mailto:?subject=Meet%20%26%20Greet&#038;body=https:\/\/www.tracetek-austria.com\/en\/meet-greet\/' data-av_icon='\ue805' data-av_iconfont='entypo-fontello'  title='' data-avia-related-tooltip='Share by Mail'><span class='avia_hidden_link_text'>Share by Mail<\/span><\/a><\/li><\/ul><\/div><\/div><\/div>\n","protected":false},"excerpt":{"rendered":"","protected":false},"author":1,"featured_media":0,"parent":0,"menu_order":0,"comment_status":"closed","ping_status":"closed","template":"","meta":{"footnotes":""},"class_list":["post-3054","page","type-page","status-publish","hentry"],"yoast_head":"<!-- This site is optimized with the Yoast SEO plugin v27.6 - https:\/\/yoast.com\/product\/yoast-seo-wordpress\/ -->\n<title>Meet &amp; Greet - Tracetek Austria<\/title>\n<meta name=\"description\" content=\"Meet and Greet at Tracetek, chat with specialists, ask questions, or arrange appointments!\" \/>\n<meta name=\"robots\" content=\"index, follow, max-snippet:-1, max-image-preview:large, max-video-preview:-1\" \/>\n<link rel=\"canonical\" href=\"https:\/\/www.tracetek-austria.com\/en\/meet-greet\/\" \/>\n<meta property=\"og:locale\" content=\"en_US\" \/>\n<meta property=\"og:type\" content=\"article\" \/>\n<meta property=\"og:title\" content=\"Meet &amp; Greet - Tracetek Austria\" \/>\n<meta property=\"og:description\" content=\"Meet and Greet at Tracetek, chat with specialists, ask questions, or arrange appointments!\" \/>\n<meta property=\"og:url\" content=\"https:\/\/www.tracetek-austria.com\/en\/meet-greet\/\" \/>\n<meta property=\"og:site_name\" content=\"Tracetek Austria\" \/>\n<meta property=\"article:modified_time\" content=\"2026-01-27T15:02:38+00:00\" \/>\n<meta name=\"twitter:card\" content=\"summary_large_image\" \/>\n<meta name=\"twitter:label1\" content=\"Est. reading time\" \/>\n\t<meta name=\"twitter:data1\" content=\"3 minutes\" \/>\n<script type=\"application\/ld+json\" class=\"yoast-schema-graph\">{\"@context\":\"https:\\\/\\\/schema.org\",\"@graph\":[{\"@type\":\"WebPage\",\"@id\":\"https:\\\/\\\/www.tracetek-austria.com\\\/en\\\/meet-greet\\\/\",\"url\":\"https:\\\/\\\/www.tracetek-austria.com\\\/en\\\/meet-greet\\\/\",\"name\":\"Meet &amp; Greet - Tracetek Austria\",\"isPartOf\":{\"@id\":\"https:\\\/\\\/www.tracetek-austria.com\\\/en\\\/#website\"},\"datePublished\":\"2021-04-15T01:27:40+00:00\",\"dateModified\":\"2026-01-27T15:02:38+00:00\",\"description\":\"Meet and Greet at Tracetek, chat with specialists, ask questions, or arrange appointments!\",\"breadcrumb\":{\"@id\":\"https:\\\/\\\/www.tracetek-austria.com\\\/en\\\/meet-greet\\\/#breadcrumb\"},\"inLanguage\":\"en-US\",\"potentialAction\":[{\"@type\":\"ReadAction\",\"target\":[\"https:\\\/\\\/www.tracetek-austria.com\\\/en\\\/meet-greet\\\/\"]}]},{\"@type\":\"BreadcrumbList\",\"@id\":\"https:\\\/\\\/www.tracetek-austria.com\\\/en\\\/meet-greet\\\/#breadcrumb\",\"itemListElement\":[{\"@type\":\"ListItem\",\"position\":1,\"name\":\"Startseite\",\"item\":\"https:\\\/\\\/www.tracetek-austria.com\\\/en\\\/home\\\/\"},{\"@type\":\"ListItem\",\"position\":2,\"name\":\"Meet &amp; Greet\"}]},{\"@type\":\"WebSite\",\"@id\":\"https:\\\/\\\/www.tracetek-austria.com\\\/en\\\/#website\",\"url\":\"https:\\\/\\\/www.tracetek-austria.com\\\/en\\\/\",\"name\":\"Tracetek Austria\",\"description\":\"Leckage Warnsystem und Ortungssystem\",\"potentialAction\":[{\"@type\":\"SearchAction\",\"target\":{\"@type\":\"EntryPoint\",\"urlTemplate\":\"https:\\\/\\\/www.tracetek-austria.com\\\/en\\\/?s={search_term_string}\"},\"query-input\":{\"@type\":\"PropertyValueSpecification\",\"valueRequired\":true,\"valueName\":\"search_term_string\"}}],\"inLanguage\":\"en-US\"}]}<\/script>\n<!-- \/ Yoast SEO plugin. -->","yoast_head_json":{"title":"Meet &amp; Greet - Tracetek Austria","description":"Meet and Greet at Tracetek, chat with specialists, ask questions, or arrange appointments!","robots":{"index":"index","follow":"follow","max-snippet":"max-snippet:-1","max-image-preview":"max-image-preview:large","max-video-preview":"max-video-preview:-1"},"canonical":"https:\/\/www.tracetek-austria.com\/en\/meet-greet\/","og_locale":"en_US","og_type":"article","og_title":"Meet &amp; Greet - Tracetek Austria","og_description":"Meet and Greet at Tracetek, chat with specialists, ask questions, or arrange appointments!","og_url":"https:\/\/www.tracetek-austria.com\/en\/meet-greet\/","og_site_name":"Tracetek Austria","article_modified_time":"2026-01-27T15:02:38+00:00","twitter_card":"summary_large_image","twitter_misc":{"Est. reading time":"3 minutes"},"schema":{"@context":"https:\/\/schema.org","@graph":[{"@type":"WebPage","@id":"https:\/\/www.tracetek-austria.com\/en\/meet-greet\/","url":"https:\/\/www.tracetek-austria.com\/en\/meet-greet\/","name":"Meet &amp; Greet - Tracetek Austria","isPartOf":{"@id":"https:\/\/www.tracetek-austria.com\/en\/#website"},"datePublished":"2021-04-15T01:27:40+00:00","dateModified":"2026-01-27T15:02:38+00:00","description":"Meet and Greet at Tracetek, chat with specialists, ask questions, or arrange appointments!","breadcrumb":{"@id":"https:\/\/www.tracetek-austria.com\/en\/meet-greet\/#breadcrumb"},"inLanguage":"en-US","potentialAction":[{"@type":"ReadAction","target":["https:\/\/www.tracetek-austria.com\/en\/meet-greet\/"]}]},{"@type":"BreadcrumbList","@id":"https:\/\/www.tracetek-austria.com\/en\/meet-greet\/#breadcrumb","itemListElement":[{"@type":"ListItem","position":1,"name":"Startseite","item":"https:\/\/www.tracetek-austria.com\/en\/home\/"},{"@type":"ListItem","position":2,"name":"Meet &amp; Greet"}]},{"@type":"WebSite","@id":"https:\/\/www.tracetek-austria.com\/en\/#website","url":"https:\/\/www.tracetek-austria.com\/en\/","name":"Tracetek Austria","description":"Leckage Warnsystem und Ortungssystem","potentialAction":[{"@type":"SearchAction","target":{"@type":"EntryPoint","urlTemplate":"https:\/\/www.tracetek-austria.com\/en\/?s={search_term_string}"},"query-input":{"@type":"PropertyValueSpecification","valueRequired":true,"valueName":"search_term_string"}}],"inLanguage":"en-US"}]}},"_links":{"self":[{"href":"https:\/\/www.tracetek-austria.com\/en\/wp-json\/wp\/v2\/pages\/3054","targetHints":{"allow":["GET"]}}],"collection":[{"href":"https:\/\/www.tracetek-austria.com\/en\/wp-json\/wp\/v2\/pages"}],"about":[{"href":"https:\/\/www.tracetek-austria.com\/en\/wp-json\/wp\/v2\/types\/page"}],"author":[{"embeddable":true,"href":"https:\/\/www.tracetek-austria.com\/en\/wp-json\/wp\/v2\/users\/1"}],"replies":[{"embeddable":true,"href":"https:\/\/www.tracetek-austria.com\/en\/wp-json\/wp\/v2\/comments?post=3054"}],"version-history":[{"count":1,"href":"https:\/\/www.tracetek-austria.com\/en\/wp-json\/wp\/v2\/pages\/3054\/revisions"}],"predecessor-version":[{"id":3060,"href":"https:\/\/www.tracetek-austria.com\/en\/wp-json\/wp\/v2\/pages\/3054\/revisions\/3060"}],"wp:attachment":[{"href":"https:\/\/www.tracetek-austria.com\/en\/wp-json\/wp\/v2\/media?parent=3054"}],"curies":[{"name":"wp","href":"https:\/\/api.w.org\/{rel}","templated":true}]}}